{"id":130,"date":"2026-03-19T16:25:32","date_gmt":"2026-03-19T16:25:32","guid":{"rendered":"https:\/\/setze.net\/?page_id=130"},"modified":"2026-03-30T14:40:41","modified_gmt":"2026-03-30T14:40:41","slug":"m","status":"publish","type":"page","link":"https:\/\/setze.net\/index.php\/m\/","title":{"rendered":"MOBILS"},"content":{"rendered":"\t\t<div data-elementor-type=\"wp-page\" data-elementor-id=\"130\" class=\"elementor elementor-130\">\n\t\t\t\t<div class=\"elementor-element elementor-element-4be4bc2 e-flex e-con-boxed e-con e-parent\" data-id=\"4be4bc2\" data-element_type=\"container\" data-e-type=\"container\">\n\t\t\t\t\t<div class=\"e-con-inner\">\n\t\t\t\t<div class=\"elementor-element elementor-element-a874b2d elementor-widget elementor-widget-heading\" data-id=\"a874b2d\" data-element_type=\"widget\" data-e-type=\"widget\" data-widget_type=\"heading.default\">\n\t\t\t\t\t<h2 class=\"elementor-heading-title elementor-size-default\">MOBILS, TERMINALS NOUS O DE SEGONA MA (AMB GARANTIA)<\/h2>\t\t\t\t<\/div>\n\t\t\t\t\t<\/div>\n\t\t\t\t<\/div>\n\t\t<div class=\"elementor-element elementor-element-81a84c2 e-grid e-con-boxed e-con e-parent\" data-id=\"81a84c2\" data-element_type=\"container\" data-e-type=\"container\">\n\t\t\t\t\t<div class=\"e-con-inner\">\n\t\t\t\t<div class=\"elementor-element elementor-element-300f702 elementor-widget elementor-widget-heading\" data-id=\"300f702\" data-element_type=\"widget\" data-e-type=\"widget\" data-widget_type=\"heading.default\">\n\t\t\t\t\t<h2 class=\"elementor-heading-title elementor-size-default\">Terminals android nous<\/h2>\t\t\t\t<\/div>\n\t\t\t\t<div class=\"elementor-element elementor-element-4ae9bca elementor-widget elementor-widget-heading\" data-id=\"4ae9bca\" data-element_type=\"widget\" data-e-type=\"widget\" data-widget_type=\"heading.default\">\n\t\t\t\t\t<h2 class=\"elementor-heading-title elementor-size-default\">Terminals iphone (ios) nous<\/h2>\t\t\t\t<\/div>\n\t\t\t\t<div class=\"elementor-element elementor-element-94da5bd elementor-widget elementor-widget-heading\" data-id=\"94da5bd\" data-element_type=\"widget\" data-e-type=\"widget\" data-widget_type=\"heading.default\">\n\t\t\t\t\t<h2 class=\"elementor-heading-title elementor-size-default\">Terminals iphone (ios) ex-renting<\/h2>\t\t\t\t<\/div>\n\t\t\t\t<div class=\"elementor-element elementor-element-eb0eb5c elementor-widget elementor-widget-heading\" data-id=\"eb0eb5c\" data-element_type=\"widget\" data-e-type=\"widget\" data-widget_type=\"heading.default\">\n\t\t\t\t\t<h2 class=\"elementor-heading-title elementor-size-default\">Terminals<br>android ex-renting  <\/h2>\t\t\t\t<\/div>\n\t\t<div class=\"elementor-element elementor-element-1566b58 e-con-full e-flex e-con e-child\" data-id=\"1566b58\" data-element_type=\"container\" data-e-type=\"container\">\n\t\t\t\t<\/div>\n\t\t\t\t\t<\/div>\n\t\t\t\t<\/div>\n\t\t<div class=\"elementor-element elementor-element-d6e48ba e-grid e-con-full e-con e-parent\" data-id=\"d6e48ba\" data-element_type=\"container\" data-e-type=\"container\">\n\t\t\t\t<div class=\"elementor-element elementor-element-942e5b1 elementor-widget elementor-widget-heading\" data-id=\"942e5b1\" data-element_type=\"widget\" data-e-type=\"widget\" data-widget_type=\"heading.default\">\n\t\t\t\t\t<h2 class=\"elementor-heading-title elementor-size-default\">Prepagament<br>i rec\u00e0rregues per bizum<\/h2>\t\t\t\t<\/div>\n\t\t\t\t<div class=\"elementor-element elementor-element-b20a948 elementor-widget elementor-widget-heading\" data-id=\"b20a948\" data-element_type=\"widget\" data-e-type=\"widget\" data-widget_type=\"heading.default\">\n\t\t\t\t\t<h2 class=\"elementor-heading-title elementor-size-default\">Contracte<\/h2>\t\t\t\t<\/div>\n\t\t\t\t<div class=\"elementor-element elementor-element-2960914 elementor-widget elementor-widget-heading\" data-id=\"2960914\" data-element_type=\"widget\" data-e-type=\"widget\" data-widget_type=\"heading.default\">\n\t\t\t\t\t<h2 class=\"elementor-heading-title elementor-size-default\">Contracte conjuntament amb fibra<\/h2>\t\t\t\t<\/div>\n\t\t\t\t<div class=\"elementor-element elementor-element-bb86587 elementor-widget elementor-widget-heading\" data-id=\"bb86587\" data-element_type=\"widget\" data-e-type=\"widget\" data-widget_type=\"heading.default\">\n\t\t\t\t\t<h2 class=\"elementor-heading-title elementor-size-default\">Fibra de segona resid\u00e8ncia<\/h2>\t\t\t\t<\/div>\n\t\t\t\t<\/div>\n\t\t<div class=\"elementor-element elementor-element-cc130dd e-grid e-con-boxed e-con e-parent\" data-id=\"cc130dd\" data-element_type=\"container\" data-e-type=\"container\">\n\t\t\t\t\t<div class=\"e-con-inner\">\n\t\t\t\t<div class=\"elementor-element elementor-element-a337ba6 elementor-widget elementor-widget-heading\" data-id=\"a337ba6\" data-element_type=\"widget\" data-e-type=\"widget\" data-widget_type=\"heading.default\">\n\t\t\t\t\t<h2 class=\"elementor-heading-title elementor-size-default\">Centraletes digitals al n\u00favol<\/h2>\t\t\t\t<\/div>\n\t\t\t\t\t<\/div>\n\t\t\t\t<\/div>\n\t\t\t\t<\/div>\n\t\t","protected":false},"excerpt":{"rendered":"<p>MOBILS, TERMINALS NOUS O DE SEGONA MA (AMB GARANTIA) Terminals android nous Terminals iphone (ios) nous Terminals iphone (ios) ex-renting Terminalsandroid ex-renting Prepagamenti rec\u00e0rregues per bizum Contracte Contracte conjuntament amb fibra Fibra de segona resid\u00e8ncia Centraletes digitals al n\u00favol<\/p>\n","protected":false},"author":1,"featured_media":0,"parent":0,"menu_order":0,"comment_status":"closed","ping_status":"closed","template":"","meta":{"footnotes":""},"class_list":["post-130","page","type-page","status-publish","hentry"],"_links":{"self":[{"href":"https:\/\/setze.net\/index.php\/wp-json\/wp\/v2\/pages\/130","targetHints":{"allow":["GET"]}}],"collection":[{"href":"https:\/\/setze.net\/index.php\/wp-json\/wp\/v2\/pages"}],"about":[{"href":"https:\/\/setze.net\/index.php\/wp-json\/wp\/v2\/types\/page"}],"author":[{"embeddable":true,"href":"https:\/\/setze.net\/index.php\/wp-json\/wp\/v2\/users\/1"}],"replies":[{"embeddable":true,"href":"https:\/\/setze.net\/index.php\/wp-json\/wp\/v2\/comments?post=130"}],"version-history":[{"count":35,"href":"https:\/\/setze.net\/index.php\/wp-json\/wp\/v2\/pages\/130\/revisions"}],"predecessor-version":[{"id":323,"href":"https:\/\/setze.net\/index.php\/wp-json\/wp\/v2\/pages\/130\/revisions\/323"}],"wp:attachment":[{"href":"https:\/\/setze.net\/index.php\/wp-json\/wp\/v2\/media?parent=130"}],"curies":[{"name":"wp","href":"https:\/\/api.w.org\/{rel}","templated":true}]}}